{"id":1890,"date":"2021-11-01T14:41:29","date_gmt":"2021-11-01T14:41:29","guid":{"rendered":"https:\/\/matertech.com.co\/?post_type=product&#038;p=1890"},"modified":"2025-06-20T19:01:03","modified_gmt":"2025-06-20T19:01:03","slug":"pd-papel-rugoso","status":"publish","type":"product","link":"https:\/\/matertech.com.co\/?product=pd-papel-rugoso","title":{"rendered":"Serie PD &#8211; Papel rugoso"},"content":{"rendered":"<p>Etiquetas especialmente etiquetas de vino, empaques de cigarrillos, empaques regulares como cajas de cosm\u00e9ticos, empaques de dulces, cajas de vino, tarjetas de felicitaci\u00f3n, tubos, material publicitario y otros materiales gr\u00e1ficos.<\/p>\n<p><strong>M\u00e1quinas de impresi\u00f3n<\/strong><br \/>\nPrensa de cama plana y de elevaci\u00f3n y descenso, cilindros y m\u00e1quinas rotativas.<\/p>\n<p><strong>Sustratos<\/strong><br \/>\nPapel rugoso texturizado, papeles secos y etiquetas secas, papeles en relieve, papel estucado, papel impreso, laminados OPP.<\/p>\n<p><strong>Temperatura de estampado<\/strong><br \/>\n\u2022 115-150 \u2103 en m\u00e1quinas de cama plana y de elevaci\u00f3n y descenso.<br \/>\n\u2022 135-170 \u2103 en m\u00e1quinas de cilindros.<br \/>\n\u2022 170-220 \u2103 en m\u00e1quinas rotativas.<\/p>\n<p><strong>\u00a0Tonos disponibles<\/strong><br \/>\nPlata \/ oro, plata \/ oro mate y otros colores disponibles.<\/p>\n","protected":false},"excerpt":{"rendered":"<p>Para impresi\u00f3n gr\u00e1fica con estampado en aplicaciones de papel rugoso, vers\u00e1til para diversos sustratos, buena cobertura y adherencia.<\/p>\n<ul>\n<li>Alto brillo met\u00e1lico.<\/li>\n<li>Baja temperatura de estampaci\u00f3n y buena para estampaci\u00f3n de alta velocidad.<\/li>\n<li>Buena resistencia al calor con amplio rango de temperatura de estampado.<\/li>\n<li>Buen rendimiento de transferencia, adecuado para estampar superficies medianas y planas sin burbujas ni escamas.<\/li>\n<li>Buena propiedad de resistencia al rayado y al roce.<\/li>\n<li>Aprobado por ROHS, REACH y VOC.<\/li>\n<\/ul>\n","protected":false},"featured_media":1893,"comment_status":"open","ping_status":"closed","template":"","meta":[],"product_cat":[46,72],"product_tag":[65,68,67],"_links":{"self":[{"href":"https:\/\/matertech.com.co\/index.php?rest_route=\/wp\/v2\/product\/1890"}],"collection":[{"href":"https:\/\/matertech.com.co\/index.php?rest_route=\/wp\/v2\/product"}],"about":[{"href":"https:\/\/matertech.com.co\/index.php?rest_route=\/wp\/v2\/types\/product"}],"replies":[{"embeddable":true,"href":"https:\/\/matertech.com.co\/index.php?rest_route=%2Fwp%2Fv2%2Fcomments&post=1890"}],"wp:featuredmedia":[{"embeddable":true,"href":"https:\/\/matertech.com.co\/index.php?rest_route=\/wp\/v2\/media\/1893"}],"wp:attachment":[{"href":"https:\/\/matertech.com.co\/index.php?rest_route=%2Fwp%2Fv2%2Fmedia&parent=1890"}],"wp:term":[{"taxonomy":"product_cat","embeddable":true,"href":"https:\/\/matertech.com.co\/index.php?rest_route=%2Fwp%2Fv2%2Fproduct_cat&post=1890"},{"taxonomy":"product_tag","embeddable":true,"href":"https:\/\/matertech.com.co\/index.php?rest_route=%2Fwp%2Fv2%2Fproduct_tag&post=1890"}],"curies":[{"name":"wp","href":"https:\/\/api.w.org\/{rel}","templated":true}]}}