{"id":1897,"date":"2021-11-01T15:17:41","date_gmt":"2021-11-01T15:17:41","guid":{"rendered":"https:\/\/matertech.com.co\/?post_type=product&#038;p=1897"},"modified":"2022-01-11T20:45:54","modified_gmt":"2022-01-11T20:45:54","slug":"serie-bd-sobreimprimible","status":"publish","type":"product","link":"https:\/\/matertech.com.co\/?product=serie-bd-sobreimprimible","title":{"rendered":"Serie BD &#8211; Sobreimprimible"},"content":{"rendered":"<p>Etiquetas, empaques de cigarrillos, empaques regulares como cajas de cosm\u00e9ticos, empaques de dulces, cajas de vino, tarjetas de felicitaci\u00f3n, tubos, material publicitario y otros materiales gr\u00e1ficos.<\/p>\n<p><strong>M\u00e1quinas de impresi\u00f3n<\/strong><br \/>\nPrensa de cama plana y de elevaci\u00f3n y descenso, cilindros y m\u00e1quinas rotativas.<\/p>\n<p><strong>Sustratos<\/strong><br \/>\nPapeles normales, papeles impresos, papel estucado, etiquetas de pl\u00e1stico y laminados OPP, papeles con algunos barnices UV.<\/p>\n<p><strong>Temperatura de estampado<\/strong><br \/>\n\u2022 115-150 \u2103 en m\u00e1quinas de cama plana y de elevaci\u00f3n y descenso.<br \/>\n\u2022 135-170 \u2103 en m\u00e1quinas de cilindros.<br \/>\n\u2022 170-220 \u2103 en m\u00e1quinas rotativas.<\/p>\n<p><strong>Tonos disponibles<\/strong><br \/>\nPlata y oro.<\/p>\n","protected":false},"excerpt":{"rendered":"<p>L\u00e1mina caliente sobreimprimible, vers\u00e1til para varios sustratos gr\u00e1ficos, buena estampabilidad y adherencia.<\/p>\n<ul>\n<li>Excelente sobreimpresi\u00f3n con tintas convencionales y UV<\/li>\n<li>Alto brillo met\u00e1lico.<\/li>\n<li>Baja temperatura de estampaci\u00f3n y buena para estampaci\u00f3n de alta velocidad.<\/li>\n<li>Buena resistencia al calor con amplio rango de temperatura de estampado.<\/li>\n<li>Buen rendimiento de transferencia, adecuado para estampar tanto en \u00e1reas medianas como amplias.<\/li>\n<li>Buena propiedad de resistencia al rayado y al roce.<\/li>\n<li>Aprobado por ROHS, REACH y VOC.<\/li>\n<\/ul>\n","protected":false},"featured_media":1898,"comment_status":"open","ping_status":"closed","template":"","meta":[],"product_cat":[46,72],"product_tag":[65,68,67],"_links":{"self":[{"href":"https:\/\/matertech.com.co\/index.php?rest_route=\/wp\/v2\/product\/1897"}],"collection":[{"href":"https:\/\/matertech.com.co\/index.php?rest_route=\/wp\/v2\/product"}],"about":[{"href":"https:\/\/matertech.com.co\/index.php?rest_route=\/wp\/v2\/types\/product"}],"replies":[{"embeddable":true,"href":"https:\/\/matertech.com.co\/index.php?rest_route=%2Fwp%2Fv2%2Fcomments&post=1897"}],"wp:featuredmedia":[{"embeddable":true,"href":"https:\/\/matertech.com.co\/index.php?rest_route=\/wp\/v2\/media\/1898"}],"wp:attachment":[{"href":"https:\/\/matertech.com.co\/index.php?rest_route=%2Fwp%2Fv2%2Fmedia&parent=1897"}],"wp:term":[{"taxonomy":"product_cat","embeddable":true,"href":"https:\/\/matertech.com.co\/index.php?rest_route=%2Fwp%2Fv2%2Fproduct_cat&post=1897"},{"taxonomy":"product_tag","embeddable":true,"href":"https:\/\/matertech.com.co\/index.php?rest_route=%2Fwp%2Fv2%2Fproduct_tag&post=1897"}],"curies":[{"name":"wp","href":"https:\/\/api.w.org\/{rel}","templated":true}]}}