{"id":1904,"date":"2021-11-01T15:49:01","date_gmt":"2021-11-01T15:49:01","guid":{"rendered":"https:\/\/matertech.com.co\/?post_type=product&#038;p=1904"},"modified":"2025-11-21T11:55:16","modified_gmt":"2025-11-21T11:55:16","slug":"serie-pr-plasticos-rigidos","status":"publish","type":"product","link":"https:\/\/matertech.com.co\/?product=serie-pr-plasticos-rigidos","title":{"rendered":"Serie PR &#8211; Pl\u00e1sticos r\u00edgidos"},"content":{"rendered":"<p>Especialmente dise\u00f1adas para tapas de botellas de vino, tubos de cosm\u00e9ticos, cajas de cosm\u00e9ticos, l\u00e1minas de pl\u00e1stico, carcasas de pl\u00e1stico.<\/p>\n<p><strong>Sustratos<\/strong><br \/>\nPP, ABS, PC y otros pl\u00e1sticos r\u00edgidos puros, tapas de botellas de vino con tratamiento superficial, tubos cosm\u00e9ticos, l\u00e1minas de pl\u00e1stico, carcasas de pl\u00e1stico, etc.<\/p>\n<p><strong>Temperatura de estampado<\/strong><br \/>\n200-220 \u2103 en m\u00e1quinas rotativas.<\/p>\n<p><strong>Tonos disponibles<\/strong><br \/>\nOro \/ Oro mate, Plata \/ Plata mate y otros colores disponibles.<\/p>\n","protected":false},"excerpt":{"rendered":"<p>L\u00e1mina caliente dise\u00f1ada para pl\u00e1sticos r\u00edgidos, vers\u00e1til con buena estampabilidad y adherencia.<\/p>\n<ul>\n<li>Alto brillo met\u00e1lico.<\/li>\n<li>Buena resistencia al calor con amplio rango de temperatura de estampado.<\/li>\n<li>Buen rendimiento de transferencia, adecuado para estampar tanto detalles finos como \u00e1reas amplias. Alta definici\u00f3n y borde afilado sin burbujas ni escamas.<\/li>\n<li>Buena propiedad de resistencia al rayado y al alcohol.<\/li>\n<li>Aprobado por ROHS, REACH y VOC.<\/li>\n<\/ul>\n","protected":false},"featured_media":1906,"comment_status":"open","ping_status":"closed","template":"","meta":[],"product_cat":[46,72],"product_tag":[65,68,67],"_links":{"self":[{"href":"https:\/\/matertech.com.co\/index.php?rest_route=\/wp\/v2\/product\/1904"}],"collection":[{"href":"https:\/\/matertech.com.co\/index.php?rest_route=\/wp\/v2\/product"}],"about":[{"href":"https:\/\/matertech.com.co\/index.php?rest_route=\/wp\/v2\/types\/product"}],"replies":[{"embeddable":true,"href":"https:\/\/matertech.com.co\/index.php?rest_route=%2Fwp%2Fv2%2Fcomments&post=1904"}],"wp:featuredmedia":[{"embeddable":true,"href":"https:\/\/matertech.com.co\/index.php?rest_route=\/wp\/v2\/media\/1906"}],"wp:attachment":[{"href":"https:\/\/matertech.com.co\/index.php?rest_route=%2Fwp%2Fv2%2Fmedia&parent=1904"}],"wp:term":[{"taxonomy":"product_cat","embeddable":true,"href":"https:\/\/matertech.com.co\/index.php?rest_route=%2Fwp%2Fv2%2Fproduct_cat&post=1904"},{"taxonomy":"product_tag","embeddable":true,"href":"https:\/\/matertech.com.co\/index.php?rest_route=%2Fwp%2Fv2%2Fproduct_tag&post=1904"}],"curies":[{"name":"wp","href":"https:\/\/api.w.org\/{rel}","templated":true}]}}