{"id":1917,"date":"2021-11-01T17:08:27","date_gmt":"2021-11-01T17:08:27","guid":{"rendered":"https:\/\/matertech.com.co\/?post_type=product&#038;p=1917"},"modified":"2025-06-09T07:22:59","modified_gmt":"2025-06-09T07:22:59","slug":"serie-fxc-banda-angosta","status":"publish","type":"product","link":"https:\/\/matertech.com.co\/?product=serie-fxc-banda-angosta","title":{"rendered":"Serie FXD &#8211; BA Doble cara"},"content":{"rendered":"<p>Especial para etiquetas regulares, etiquetas termoencogibles, etiquetas en molde (IML) y material de tubos de pl\u00e1stico en rollo, ideal para etiquetas termoencogibles, etiquetas transparentes.<\/p>\n<p><strong>M\u00e1quinas de impresi\u00f3n<\/strong><br \/>\n\u2022 Prensa flexogr\u00e1fica: Mark Andy, Omet, Nilpeter, Gallus, Gidue \/ Bobst, Weigang, ETI, Dowell, etc.<br \/>\n\u2022 Prensa tipogr\u00e1fica \/ rotativa: Labelman, Taiyo, Label Long, Label Source, etc.<br \/>\n\u2022 Prensa offset: Weigang, Zonten , Wanjie, etc.<\/p>\n<p><strong>Sustratos<\/strong><br \/>\nMaterial de etiquetas regular como PE, PP, PET, papel sint\u00e9tico, pel\u00edcula de perlas, material de tubos de pl\u00e1stico en rollo como rollo de PE, ect, material de etiquetas IML y material de etiquetas de mangas retr\u00e1ctiles como PETG, especialmente bueno para etiquetas transparentes y etiquetas de mangas retr\u00e1ctiles .\u00a0Papel no absorbente.<\/p>\n<p><strong>Tonos disponibles<\/strong><br \/>\nPlata, oro.<\/p>\n","protected":false},"excerpt":{"rendered":"<p>Para etiquetas con funda retr\u00e1ctil o etiquetas regulares con efecto met\u00e1lico de doble cara o aplicaci\u00f3n de impresi\u00f3n invertida.<\/p>\n<ul>\n<li>Efecto de doble cara con el mismo brillo met\u00e1lico alto y brillo por ambas caras.<\/li>\n<li>Puede cumplir con la tasa de contracci\u00f3n de las etiquetas de mangas retr\u00e1ctiles.<\/li>\n<li>Buena propiedad de liberaci\u00f3n y buena para estampaci\u00f3n de alta velocidad.<\/li>\n<li>Excelente rendimiento de transferencia, adecuado para aplicaciones con detalles finos y \u00e1reas s\u00f3lidas.<\/li>\n<li>Buena adhesi\u00f3n a varios sustratos como papel estucado, PE, PP, PET, etc.<\/li>\n<li>Excelente sobreimpresi\u00f3n con fuerte adhesi\u00f3n de la tinta.<\/li>\n<\/ul>\n","protected":false},"featured_media":1924,"comment_status":"open","ping_status":"closed","template":"","meta":[],"product_cat":[46,71],"product_tag":[73,65,68],"_links":{"self":[{"href":"https:\/\/matertech.com.co\/index.php?rest_route=\/wp\/v2\/product\/1917"}],"collection":[{"href":"https:\/\/matertech.com.co\/index.php?rest_route=\/wp\/v2\/product"}],"about":[{"href":"https:\/\/matertech.com.co\/index.php?rest_route=\/wp\/v2\/types\/product"}],"replies":[{"embeddable":true,"href":"https:\/\/matertech.com.co\/index.php?rest_route=%2Fwp%2Fv2%2Fcomments&post=1917"}],"wp:featuredmedia":[{"embeddable":true,"href":"https:\/\/matertech.com.co\/index.php?rest_route=\/wp\/v2\/media\/1924"}],"wp:attachment":[{"href":"https:\/\/matertech.com.co\/index.php?rest_route=%2Fwp%2Fv2%2Fmedia&parent=1917"}],"wp:term":[{"taxonomy":"product_cat","embeddable":true,"href":"https:\/\/matertech.com.co\/index.php?rest_route=%2Fwp%2Fv2%2Fproduct_cat&post=1917"},{"taxonomy":"product_tag","embeddable":true,"href":"https:\/\/matertech.com.co\/index.php?rest_route=%2Fwp%2Fv2%2Fproduct_tag&post=1917"}],"curies":[{"name":"wp","href":"https:\/\/api.w.org\/{rel}","templated":true}]}}