{"id":1927,"date":"2021-11-01T17:43:26","date_gmt":"2021-11-01T17:43:26","guid":{"rendered":"https:\/\/matertech.com.co\/?post_type=product&#038;p=1927"},"modified":"2025-06-09T11:43:46","modified_gmt":"2025-06-09T11:43:46","slug":"serie-osc-hojas-offset","status":"publish","type":"product","link":"https:\/\/matertech.com.co\/?product=serie-osc-hojas-offset","title":{"rendered":"Serie OSC &#8211; Hojas Offset"},"content":{"rendered":"<p>Impresi\u00f3n de paquetes regulares, paquetes de tabaco, tarjetas de felicitaci\u00f3n, libros, etc.<\/p>\n<p><strong>M\u00e1quinas de impresi\u00f3n<\/strong><br \/>\n\u2022 Heidelberg, Man Roland, Komori, KBA y cualquier otra prensa offset con sistemas adicionales de laminado en fr\u00edo en l\u00ednea, incluidos, entre otros, Eagle System, Vinfoil, Compact Foiler, Foiltone, Masterwork, Yoco, Magnolia, etc.<\/p>\n<p><strong>Sustratos<\/strong><br \/>\nUna amplia gama de papel estucado \/ cart\u00f3n plegable y materiales pl\u00e1sticos (PE, PP, PET), papel impreso y otros sustratos con superficies no absorbentes.<\/p>\n<p><strong>Tonos disponibles<\/strong><br \/>\nPlata y oro.<\/p>\n","protected":false},"excerpt":{"rendered":"<p>Para impresi\u00f3n de empaquse de embalaje y productos alimenticios con hojas offset.<\/p>\n<ul>\n<li>Dise\u00f1o especial para aplicaciones convencionales y UV.<\/li>\n<li>Alto brillo met\u00e1lico.<\/li>\n<li>Liberaci\u00f3n suave y buena para estampar a alta velocidad<\/li>\n<li>Excelente calidad de transferencia, buena para estampar con detalles finos, medios tonos y \u00e1rea de tablero, una buena soluci\u00f3n a problemas como falta en el detalle fino, grietas en el \u00e1rea de tablero, poros, etc.<\/li>\n<li>Buena adherencia a diversos sustratos.<\/li>\n<li>Excelente sobreimpresi\u00f3n con fuerte adhesi\u00f3n de la tinta.<\/li>\n<li>Aprobado por ROHS, REACH, VOC.<\/li>\n<\/ul>\n","protected":false},"featured_media":1929,"comment_status":"open","ping_status":"closed","template":"","meta":[],"product_cat":[46,71],"product_tag":[73,65,68],"_links":{"self":[{"href":"https:\/\/matertech.com.co\/index.php?rest_route=\/wp\/v2\/product\/1927"}],"collection":[{"href":"https:\/\/matertech.com.co\/index.php?rest_route=\/wp\/v2\/product"}],"about":[{"href":"https:\/\/matertech.com.co\/index.php?rest_route=\/wp\/v2\/types\/product"}],"replies":[{"embeddable":true,"href":"https:\/\/matertech.com.co\/index.php?rest_route=%2Fwp%2Fv2%2Fcomments&post=1927"}],"wp:featuredmedia":[{"embeddable":true,"href":"https:\/\/matertech.com.co\/index.php?rest_route=\/wp\/v2\/media\/1929"}],"wp:attachment":[{"href":"https:\/\/matertech.com.co\/index.php?rest_route=%2Fwp%2Fv2%2Fmedia&parent=1927"}],"wp:term":[{"taxonomy":"product_cat","embeddable":true,"href":"https:\/\/matertech.com.co\/index.php?rest_route=%2Fwp%2Fv2%2Fproduct_cat&post=1927"},{"taxonomy":"product_tag","embeddable":true,"href":"https:\/\/matertech.com.co\/index.php?rest_route=%2Fwp%2Fv2%2Fproduct_tag&post=1927"}],"curies":[{"name":"wp","href":"https:\/\/api.w.org\/{rel}","templated":true}]}}