{"id":1953,"date":"2021-11-01T19:58:35","date_gmt":"2021-11-01T19:58:35","guid":{"rendered":"https:\/\/matertech.com.co\/?post_type=product&#038;p=1953"},"modified":"2022-01-11T20:10:54","modified_gmt":"2022-01-11T20:10:54","slug":"impresoras-industriales","status":"publish","type":"product","link":"https:\/\/matertech.com.co\/?product=impresoras-industriales","title":{"rendered":"Impresoras industriales"},"content":{"rendered":"","protected":false},"excerpt":{"rendered":"<p>Impresoras industriales Zebra dise\u00f1adas para entornos hostiles y demandantes. Con su durabilidad resistente y adaptabilidad a futuro, nuestras impresoras RFID y de etiquetas con c\u00f3digos de barras f\u00e1ciles de usar, est\u00e1n dise\u00f1adas para ofrecer fiabilidad ininterrumpida. No se conforme con menos, elija a Zebra para sus aplicaciones de volumen medio a alto.<\/p>\n","protected":false},"featured_media":2021,"comment_status":"open","ping_status":"closed","template":"","meta":[],"product_cat":[56,61],"product_tag":[75,74],"_links":{"self":[{"href":"https:\/\/matertech.com.co\/index.php?rest_route=\/wp\/v2\/product\/1953"}],"collection":[{"href":"https:\/\/matertech.com.co\/index.php?rest_route=\/wp\/v2\/product"}],"about":[{"href":"https:\/\/matertech.com.co\/index.php?rest_route=\/wp\/v2\/types\/product"}],"replies":[{"embeddable":true,"href":"https:\/\/matertech.com.co\/index.php?rest_route=%2Fwp%2Fv2%2Fcomments&post=1953"}],"wp:featuredmedia":[{"embeddable":true,"href":"https:\/\/matertech.com.co\/index.php?rest_route=\/wp\/v2\/media\/2021"}],"wp:attachment":[{"href":"https:\/\/matertech.com.co\/index.php?rest_route=%2Fwp%2Fv2%2Fmedia&parent=1953"}],"wp:term":[{"taxonomy":"product_cat","embeddable":true,"href":"https:\/\/matertech.com.co\/index.php?rest_route=%2Fwp%2Fv2%2Fproduct_cat&post=1953"},{"taxonomy":"product_tag","embeddable":true,"href":"https:\/\/matertech.com.co\/index.php?rest_route=%2Fwp%2Fv2%2Fproduct_tag&post=1953"}],"curies":[{"name":"wp","href":"https:\/\/api.w.org\/{rel}","templated":true}]}}