{"id":1963,"date":"2021-11-01T20:16:21","date_gmt":"2021-11-01T20:16:21","guid":{"rendered":"https:\/\/matertech.com.co\/?post_type=product&#038;p=1963"},"modified":"2025-06-09T13:00:24","modified_gmt":"2025-06-09T13:00:24","slug":"impresoras-moviles","status":"publish","type":"product","link":"https:\/\/matertech.com.co\/?product=impresoras-moviles","title":{"rendered":"Impresoras m\u00f3viles"},"content":{"rendered":"","protected":false},"excerpt":{"rendered":"<p>Las impresoras m\u00f3viles Zebra incrementan la productividad y la precisi\u00f3n de los empleados al permitir la impresi\u00f3n port\u00e1til de etiquetas con c\u00f3digos de barras, recibos y etiquetas RFID en el punto de aplicaci\u00f3n. Ofrecemos una impresora m\u00f3vil de mano en cada nivel de precios para todas las industrias, y accesorios para brindar una soluci\u00f3n port\u00e1til completa.<\/p>\n","protected":false},"featured_media":2017,"comment_status":"open","ping_status":"closed","template":"","meta":[],"product_cat":[56,60],"product_tag":[75,74],"_links":{"self":[{"href":"https:\/\/matertech.com.co\/index.php?rest_route=\/wp\/v2\/product\/1963"}],"collection":[{"href":"https:\/\/matertech.com.co\/index.php?rest_route=\/wp\/v2\/product"}],"about":[{"href":"https:\/\/matertech.com.co\/index.php?rest_route=\/wp\/v2\/types\/product"}],"replies":[{"embeddable":true,"href":"https:\/\/matertech.com.co\/index.php?rest_route=%2Fwp%2Fv2%2Fcomments&post=1963"}],"wp:featuredmedia":[{"embeddable":true,"href":"https:\/\/matertech.com.co\/index.php?rest_route=\/wp\/v2\/media\/2017"}],"wp:attachment":[{"href":"https:\/\/matertech.com.co\/index.php?rest_route=%2Fwp%2Fv2%2Fmedia&parent=1963"}],"wp:term":[{"taxonomy":"product_cat","embeddable":true,"href":"https:\/\/matertech.com.co\/index.php?rest_route=%2Fwp%2Fv2%2Fproduct_cat&post=1963"},{"taxonomy":"product_tag","embeddable":true,"href":"https:\/\/matertech.com.co\/index.php?rest_route=%2Fwp%2Fv2%2Fproduct_tag&post=1963"}],"curies":[{"name":"wp","href":"https:\/\/api.w.org\/{rel}","templated":true}]}}