{"id":2647,"date":"2022-01-07T20:26:26","date_gmt":"2022-01-07T20:26:26","guid":{"rendered":"https:\/\/matertech.com.co\/?post_type=product&#038;p=2647"},"modified":"2026-02-08T07:11:19","modified_gmt":"2026-02-08T07:11:19","slug":"tesa04965","status":"publish","type":"product","link":"https:\/\/matertech.com.co\/?product=tesa04965","title":{"rendered":"tesa\u00ae04965"},"content":{"rendered":"","protected":false},"excerpt":{"rendered":"<p><span class=\"lowercase\">tesa\u00ae <\/span>4965 es una cinta doble faz transparent &#8211; Film de poli\u00e9ster (PET) y un protector (liner) de PP color rojo. El sistema adhesivo es espeicalmente resistente a los plastificantes y ofrece una fijaci\u00f3n segura, incluso a elevadas temperaturas (entre 100\u00b0C y 200\u00b0C, dependiendo del tiempo de exposici\u00f3n).<\/p>\n<h3 class=\"headline module-headline\">Aplicaciones principales<\/h3>\n<ul>\n<li>Montaje de partes pl\u00e1sticas en la industria automotriz (materiales tales como acero, ABS, aluminio, PC, PE, PET, PP, PS y PVC)<\/li>\n<li>Montaje de autoadhesivo a perfiles de caucho\/EPDM<\/li>\n<li>Montaje de autoadhesivo a perfiles y molduras decorativas en la industria del mueble<\/li>\n<li>Empalmes manuales o al vuelo en la industria del papel o de films<\/li>\n<li>Montaje de bater\u00edas, lentes y pantallas t\u00e1ctiles en dispositivos electr\u00f3nicos<\/li>\n<\/ul>\n<p>&nbsp;<\/p>\n<p><img loading=\"lazy\" class=\" wp-image-2619 alignleft\" src=\"http:\/\/matertech.com.co\/wp-content\/uploads\/2022\/01\/tesa_parner.png\" alt=\"\" width=\"141\" height=\"40\" srcset=\"https:\/\/matertech.com.co\/wp-content\/uploads\/2022\/01\/tesa_parner.png 306w, https:\/\/matertech.com.co\/wp-content\/uploads\/2022\/01\/tesa_parner-300x85.png 300w\" sizes=\"(max-width: 141px) 100vw, 141px\" \/><\/p>\n<p>&nbsp;<\/p>\n<p>&nbsp;<\/p>\n","protected":false},"featured_media":2656,"comment_status":"open","ping_status":"closed","template":"","meta":[],"product_cat":[41,52],"product_tag":[78,79,82,83,84],"_links":{"self":[{"href":"https:\/\/matertech.com.co\/index.php?rest_route=\/wp\/v2\/product\/2647"}],"collection":[{"href":"https:\/\/matertech.com.co\/index.php?rest_route=\/wp\/v2\/product"}],"about":[{"href":"https:\/\/matertech.com.co\/index.php?rest_route=\/wp\/v2\/types\/product"}],"replies":[{"embeddable":true,"href":"https:\/\/matertech.com.co\/index.php?rest_route=%2Fwp%2Fv2%2Fcomments&post=2647"}],"wp:featuredmedia":[{"embeddable":true,"href":"https:\/\/matertech.com.co\/index.php?rest_route=\/wp\/v2\/media\/2656"}],"wp:attachment":[{"href":"https:\/\/matertech.com.co\/index.php?rest_route=%2Fwp%2Fv2%2Fmedia&parent=2647"}],"wp:term":[{"taxonomy":"product_cat","embeddable":true,"href":"https:\/\/matertech.com.co\/index.php?rest_route=%2Fwp%2Fv2%2Fproduct_cat&post=2647"},{"taxonomy":"product_tag","embeddable":true,"href":"https:\/\/matertech.com.co\/index.php?rest_route=%2Fwp%2Fv2%2Fproduct_tag&post=2647"}],"curies":[{"name":"wp","href":"https:\/\/api.w.org\/{rel}","templated":true}]}}