{"id":2682,"date":"2022-01-08T01:18:09","date_gmt":"2022-01-08T01:18:09","guid":{"rendered":"https:\/\/matertech.com.co\/?post_type=product&#038;p=2682"},"modified":"2022-01-08T01:39:29","modified_gmt":"2022-01-08T01:39:29","slug":"tesa07273","status":"publish","type":"product","link":"https:\/\/matertech.com.co\/?product=tesa07273","title":{"rendered":"tesa\u00ae07273"},"content":{"rendered":"","protected":false},"excerpt":{"rendered":"<p>tesa\u00ae ACXplus MP 07273. Cinta de espuma acr\u00edlica de doble cara de 800 \u03bcm. Es la perfecta soluci\u00f3n para todo tipo de aplicaciones y desarrollos industriales de gran exigencia.<\/p>\n<h3 class=\"headline module-headline\">Aplicaciones principales<\/h3>\n<ul>\n<li class=\"p1\">La serie de productos tesa\u00ae ACXplus MP es apta para una amplia variedad de aplicaciones de fijaci\u00f3n multiuso<\/li>\n<li class=\"p1\">Equipada con propiedades de alta viscoelasticidad y excelentes niveles de adhesi\u00f3n, puede absorber, disipar el estr\u00e9s y compensar el alargamiento t\u00e9rmico de piezas unidas<\/li>\n<li class=\"p1\">tesa\u00ae ACXplus 7273 MP es especialmente adecuada para aplicaciones de fijaci\u00f3n tales como el montaje de emblemas, piezas decorativas o se\u00f1alizaci\u00f3n.<\/li>\n<\/ul>\n<p>&nbsp;<\/p>\n<p><img loading=\"lazy\" class=\" wp-image-2619 alignleft\" src=\"http:\/\/matertech.com.co\/wp-content\/uploads\/2022\/01\/tesa_parner.png\" alt=\"\" width=\"141\" height=\"40\" srcset=\"https:\/\/matertech.com.co\/wp-content\/uploads\/2022\/01\/tesa_parner.png 306w, https:\/\/matertech.com.co\/wp-content\/uploads\/2022\/01\/tesa_parner-300x85.png 300w\" sizes=\"(max-width: 141px) 100vw, 141px\" \/><\/p>\n<p>&nbsp;<\/p>\n<p>&nbsp;<\/p>\n","protected":false},"featured_media":2684,"comment_status":"open","ping_status":"closed","template":"","meta":[],"product_cat":[41,52],"product_tag":[78,79,81],"_links":{"self":[{"href":"https:\/\/matertech.com.co\/index.php?rest_route=\/wp\/v2\/product\/2682"}],"collection":[{"href":"https:\/\/matertech.com.co\/index.php?rest_route=\/wp\/v2\/product"}],"about":[{"href":"https:\/\/matertech.com.co\/index.php?rest_route=\/wp\/v2\/types\/product"}],"replies":[{"embeddable":true,"href":"https:\/\/matertech.com.co\/index.php?rest_route=%2Fwp%2Fv2%2Fcomments&post=2682"}],"wp:featuredmedia":[{"embeddable":true,"href":"https:\/\/matertech.com.co\/index.php?rest_route=\/wp\/v2\/media\/2684"}],"wp:attachment":[{"href":"https:\/\/matertech.com.co\/index.php?rest_route=%2Fwp%2Fv2%2Fmedia&parent=2682"}],"wp:term":[{"taxonomy":"product_cat","embeddable":true,"href":"https:\/\/matertech.com.co\/index.php?rest_route=%2Fwp%2Fv2%2Fproduct_cat&post=2682"},{"taxonomy":"product_tag","embeddable":true,"href":"https:\/\/matertech.com.co\/index.php?rest_route=%2Fwp%2Fv2%2Fproduct_tag&post=2682"}],"curies":[{"name":"wp","href":"https:\/\/api.w.org\/{rel}","templated":true}]}}