{"id":2691,"date":"2022-01-08T02:31:34","date_gmt":"2022-01-08T02:31:34","guid":{"rendered":"https:\/\/matertech.com.co\/?post_type=product&#038;p=2691"},"modified":"2022-01-08T03:11:18","modified_gmt":"2022-01-08T03:11:18","slug":"tesa07063","status":"publish","type":"product","link":"https:\/\/matertech.com.co\/?product=tesa07063","title":{"rendered":"tesa\u00ae07063"},"content":{"rendered":"","protected":false},"excerpt":{"rendered":"<p>tesa\u00ae ACXplus 07063. Cinta doble faz de n\u00facleo acr\u00edlico, sin soporte, \u00fanicamente adhesivo acr\u00edlico espumoso en color negro de 8oo \u00b5m. Se caracteriza por su alto rendimiento, alta fuerza de uni\u00f3n, disipaci\u00f3n de tensi\u00f3n y resistencia a diferentes temperaturas y a la intemperie. Est\u00e1 especialmente dise\u00f1ada para la uni\u00f3n de materiales de dif\u00edcil adherencia tales como\u00a0 pl\u00e1sticos o materiales con tratamientos de pintura electrost\u00e1tica (en polvo). Es apropiada para la combinaci\u00f3n de estos materiales con todo tipo de metales, incluyendo metal con metal, pl\u00e1stico con metal, etc. El n\u00facleo de acr\u00edlico s\u00f3lido, visco-el\u00e1stico compensa las diferentes elongaciones t\u00e9rmicas de las partes unidas.<\/p>\n<h3 class=\"headline module-headline\">Aplicaciones principales<\/h3>\n<ul>\n<li class=\"p1\">Rieles de parachoques<\/li>\n<li class=\"p1\">Se\u00f1al\u00e9tica<\/li>\n<li class=\"p1\">Exhibidores para carga de alto peso<\/li>\n<li class=\"p1\">Montaje de paneles de gran formato<\/li>\n<li class=\"p1\">Avisos publicitarios o r\u00f3tulos<\/li>\n<li class=\"p1\">Barras de refuerzo, por ejemplo, en ascensores o furgones<\/li>\n<li class=\"p1\">Piezas, paneles y emblemas decorativos en electrodom\u00e9sticos<\/li>\n<\/ul>\n<p>&nbsp;<\/p>\n<p><img loading=\"lazy\" class=\" wp-image-2619 alignleft\" src=\"http:\/\/matertech.com.co\/wp-content\/uploads\/2022\/01\/tesa_parner.png\" alt=\"\" width=\"141\" height=\"40\" srcset=\"https:\/\/matertech.com.co\/wp-content\/uploads\/2022\/01\/tesa_parner.png 306w, https:\/\/matertech.com.co\/wp-content\/uploads\/2022\/01\/tesa_parner-300x85.png 300w\" sizes=\"(max-width: 141px) 100vw, 141px\" \/><\/p>\n<p>&nbsp;<\/p>\n<p>&nbsp;<\/p>\n","protected":false},"featured_media":2693,"comment_status":"open","ping_status":"closed","template":"","meta":[],"product_cat":[41,52],"product_tag":[78,79,85],"_links":{"self":[{"href":"https:\/\/matertech.com.co\/index.php?rest_route=\/wp\/v2\/product\/2691"}],"collection":[{"href":"https:\/\/matertech.com.co\/index.php?rest_route=\/wp\/v2\/product"}],"about":[{"href":"https:\/\/matertech.com.co\/index.php?rest_route=\/wp\/v2\/types\/product"}],"replies":[{"embeddable":true,"href":"https:\/\/matertech.com.co\/index.php?rest_route=%2Fwp%2Fv2%2Fcomments&post=2691"}],"wp:featuredmedia":[{"embeddable":true,"href":"https:\/\/matertech.com.co\/index.php?rest_route=\/wp\/v2\/media\/2693"}],"wp:attachment":[{"href":"https:\/\/matertech.com.co\/index.php?rest_route=%2Fwp%2Fv2%2Fmedia&parent=2691"}],"wp:term":[{"taxonomy":"product_cat","embeddable":true,"href":"https:\/\/matertech.com.co\/index.php?rest_route=%2Fwp%2Fv2%2Fproduct_cat&post=2691"},{"taxonomy":"product_tag","embeddable":true,"href":"https:\/\/matertech.com.co\/index.php?rest_route=%2Fwp%2Fv2%2Fproduct_tag&post=2691"}],"curies":[{"name":"wp","href":"https:\/\/api.w.org\/{rel}","templated":true}]}}