{"id":2725,"date":"2022-01-08T19:27:42","date_gmt":"2022-01-08T19:27:42","guid":{"rendered":"https:\/\/matertech.com.co\/?post_type=product&#038;p=2725"},"modified":"2025-06-09T05:09:47","modified_gmt":"2025-06-09T05:09:47","slug":"tesa04313","status":"publish","type":"product","link":"https:\/\/matertech.com.co\/?product=tesa04313","title":{"rendered":"tesa\u00ae04313"},"content":{"rendered":"","protected":false},"excerpt":{"rendered":"<p><span class=\"lowercase\">tesa\u00ae 04313<\/span>, Cinta de empaque con respaldo de papel con una capa de liberaci\u00f3n sin silicona, sistema adhesivo de caucho sint\u00e9tico sin solventes. El soporte de papel de primera calidad resistente al desgarro est\u00e1 fabricado con papel procedente de bosques certificados bien gestionados y otras fuentes controladas.<\/p>\n<h3 class=\"headline module-headline\">Aplicaciones principales:<\/h3>\n<ul>\n<li class=\"p1\">Ideal para sellar cajas de cart\u00f3n de peso ligero y medio<\/li>\n<li>Adecuado para dispensadores manuales y autom\u00e1ticos<\/li>\n<li>Imprimible, se puede utilizar con fines publicitarios y de exhibici\u00f3n de marcas<\/li>\n<\/ul>\n<p>&nbsp;<\/p>\n<p><img loading=\"lazy\" class=\" wp-image-2619 alignleft\" src=\"http:\/\/matertech.com.co\/wp-content\/uploads\/2022\/01\/tesa_parner.png\" alt=\"\" width=\"141\" height=\"40\" srcset=\"https:\/\/matertech.com.co\/wp-content\/uploads\/2022\/01\/tesa_parner.png 306w, https:\/\/matertech.com.co\/wp-content\/uploads\/2022\/01\/tesa_parner-300x85.png 300w\" sizes=\"(max-width: 141px) 100vw, 141px\" \/><\/p>\n<p>&nbsp;<\/p>\n<p>&nbsp;<\/p>\n","protected":false},"featured_media":2726,"comment_status":"open","ping_status":"closed","template":"","meta":[],"product_cat":[41,44],"product_tag":[96,98,95,78,94,93,99,97],"_links":{"self":[{"href":"https:\/\/matertech.com.co\/index.php?rest_route=\/wp\/v2\/product\/2725"}],"collection":[{"href":"https:\/\/matertech.com.co\/index.php?rest_route=\/wp\/v2\/product"}],"about":[{"href":"https:\/\/matertech.com.co\/index.php?rest_route=\/wp\/v2\/types\/product"}],"replies":[{"embeddable":true,"href":"https:\/\/matertech.com.co\/index.php?rest_route=%2Fwp%2Fv2%2Fcomments&post=2725"}],"wp:featuredmedia":[{"embeddable":true,"href":"https:\/\/matertech.com.co\/index.php?rest_route=\/wp\/v2\/media\/2726"}],"wp:attachment":[{"href":"https:\/\/matertech.com.co\/index.php?rest_route=%2Fwp%2Fv2%2Fmedia&parent=2725"}],"wp:term":[{"taxonomy":"product_cat","embeddable":true,"href":"https:\/\/matertech.com.co\/index.php?rest_route=%2Fwp%2Fv2%2Fproduct_cat&post=2725"},{"taxonomy":"product_tag","embeddable":true,"href":"https:\/\/matertech.com.co\/index.php?rest_route=%2Fwp%2Fv2%2Fproduct_tag&post=2725"}],"curies":[{"name":"wp","href":"https:\/\/api.w.org\/{rel}","templated":true}]}}