{"id":2740,"date":"2022-01-08T20:37:17","date_gmt":"2022-01-08T20:37:17","guid":{"rendered":"https:\/\/matertech.com.co\/?post_type=product&#038;p=2740"},"modified":"2026-03-26T19:25:02","modified_gmt":"2026-03-26T19:25:02","slug":"tesa53380","status":"publish","type":"product","link":"https:\/\/matertech.com.co\/?product=tesa53380","title":{"rendered":"tesa\u00ae53380"},"content":{"rendered":"","protected":false},"excerpt":{"rendered":"<p><span class=\"lowercase\">tesa\u00ae 53380<\/span>, Cinta de empaque industrial basada en soporte de polipropileno bi-orientado y adhesivo acr\u00edlico sensible a la presi\u00f3n, resistente a la presi\u00f3n y al rasgado.<\/p>\n<h3 class=\"headline module-headline\">Aplicaciones principales:<\/h3>\n<ul>\n<li class=\"p1\">Sellado de cajas de cart\u00f3n corrugado<\/li>\n<li class=\"p1\">No se desliza, refuerza, protege, proporcionando cuerpo la caja<\/li>\n<li class=\"p1\">Excelente adherencia sobre diferentes tipos de cart\u00f3n<\/li>\n<\/ul>\n<p>&nbsp;<\/p>\n<p><img loading=\"lazy\" class=\" wp-image-2619 alignleft\" src=\"http:\/\/matertech.com.co\/wp-content\/uploads\/2022\/01\/tesa_parner.png\" alt=\"\" width=\"141\" height=\"40\" srcset=\"https:\/\/matertech.com.co\/wp-content\/uploads\/2022\/01\/tesa_parner.png 306w, https:\/\/matertech.com.co\/wp-content\/uploads\/2022\/01\/tesa_parner-300x85.png 300w\" sizes=\"(max-width: 141px) 100vw, 141px\" \/><\/p>\n<p>&nbsp;<\/p>\n<p>&nbsp;<\/p>\n","protected":false},"featured_media":2741,"comment_status":"open","ping_status":"closed","template":"","meta":[],"product_cat":[41,44],"product_tag":[96,98,95,78,94,93,97],"_links":{"self":[{"href":"https:\/\/matertech.com.co\/index.php?rest_route=\/wp\/v2\/product\/2740"}],"collection":[{"href":"https:\/\/matertech.com.co\/index.php?rest_route=\/wp\/v2\/product"}],"about":[{"href":"https:\/\/matertech.com.co\/index.php?rest_route=\/wp\/v2\/types\/product"}],"replies":[{"embeddable":true,"href":"https:\/\/matertech.com.co\/index.php?rest_route=%2Fwp%2Fv2%2Fcomments&post=2740"}],"wp:featuredmedia":[{"embeddable":true,"href":"https:\/\/matertech.com.co\/index.php?rest_route=\/wp\/v2\/media\/2741"}],"wp:attachment":[{"href":"https:\/\/matertech.com.co\/index.php?rest_route=%2Fwp%2Fv2%2Fmedia&parent=2740"}],"wp:term":[{"taxonomy":"product_cat","embeddable":true,"href":"https:\/\/matertech.com.co\/index.php?rest_route=%2Fwp%2Fv2%2Fproduct_cat&post=2740"},{"taxonomy":"product_tag","embeddable":true,"href":"https:\/\/matertech.com.co\/index.php?rest_route=%2Fwp%2Fv2%2Fproduct_tag&post=2740"}],"curies":[{"name":"wp","href":"https:\/\/api.w.org\/{rel}","templated":true}]}}