{"id":2760,"date":"2022-01-09T00:11:11","date_gmt":"2022-01-09T00:11:11","guid":{"rendered":"https:\/\/matertech.com.co\/?post_type=product&#038;p=2760"},"modified":"2022-01-09T00:12:15","modified_gmt":"2022-01-09T00:12:15","slug":"tesa60950","status":"publish","type":"product","link":"https:\/\/matertech.com.co\/?product=tesa60950","title":{"rendered":"tesa\u00ae60950"},"content":{"rendered":"","protected":false},"excerpt":{"rendered":"<p><span class=\"lowercase\">tesa\u00ae 60950, cinta antideslizante Negra. Soporte de PVC recubierto con \u00f3xido de aluminio, resistente a la abrasi\u00f3n, es impermeable a los productos qu\u00edmicos y al agua salada, se puede rasgar a mano y retirar de nuevo sin ninguna dificultad.<\/span><\/p>\n<h3 class=\"headline module-headline\">Aplicaciones principales:<\/h3>\n<ul>\n<li class=\"p1\">Aseguramiento y protecci\u00f3n para \u00e1reas de evacuaci\u00f3n o alto tr\u00e1fico en\u00a0 \u00e1reas interiores y exteriores<\/li>\n<li>Evita accidentes y deslizamientos en escaleras, rampas, pisos y superficies lisas en general<\/li>\n<\/ul>\n<p>&nbsp;<\/p>\n<p><img loading=\"lazy\" class=\" wp-image-2619 alignleft\" src=\"http:\/\/matertech.com.co\/wp-content\/uploads\/2022\/01\/tesa_parner.png\" alt=\"\" width=\"141\" height=\"40\" srcset=\"https:\/\/matertech.com.co\/wp-content\/uploads\/2022\/01\/tesa_parner.png 306w, https:\/\/matertech.com.co\/wp-content\/uploads\/2022\/01\/tesa_parner-300x85.png 300w\" sizes=\"(max-width: 141px) 100vw, 141px\" \/><\/p>\n<p>&nbsp;<\/p>\n<p>&nbsp;<\/p>\n","protected":false},"featured_media":2767,"comment_status":"open","ping_status":"closed","template":"","meta":[],"product_cat":[41,103],"product_tag":[106,78,104,105],"_links":{"self":[{"href":"https:\/\/matertech.com.co\/index.php?rest_route=\/wp\/v2\/product\/2760"}],"collection":[{"href":"https:\/\/matertech.com.co\/index.php?rest_route=\/wp\/v2\/product"}],"about":[{"href":"https:\/\/matertech.com.co\/index.php?rest_route=\/wp\/v2\/types\/product"}],"replies":[{"embeddable":true,"href":"https:\/\/matertech.com.co\/index.php?rest_route=%2Fwp%2Fv2%2Fcomments&post=2760"}],"wp:featuredmedia":[{"embeddable":true,"href":"https:\/\/matertech.com.co\/index.php?rest_route=\/wp\/v2\/media\/2767"}],"wp:attachment":[{"href":"https:\/\/matertech.com.co\/index.php?rest_route=%2Fwp%2Fv2%2Fmedia&parent=2760"}],"wp:term":[{"taxonomy":"product_cat","embeddable":true,"href":"https:\/\/matertech.com.co\/index.php?rest_route=%2Fwp%2Fv2%2Fproduct_cat&post=2760"},{"taxonomy":"product_tag","embeddable":true,"href":"https:\/\/matertech.com.co\/index.php?rest_route=%2Fwp%2Fv2%2Fproduct_tag&post=2760"}],"curies":[{"name":"wp","href":"https:\/\/api.w.org\/{rel}","templated":true}]}}