{"id":2785,"date":"2022-01-09T17:10:20","date_gmt":"2022-01-09T17:10:20","guid":{"rendered":"https:\/\/matertech.com.co\/?post_type=product&#038;p=2785"},"modified":"2025-06-09T07:15:28","modified_gmt":"2025-06-09T07:15:28","slug":"tesa04663","status":"publish","type":"product","link":"https:\/\/matertech.com.co\/?product=tesa04663","title":{"rendered":"tesa\u00ae04663"},"content":{"rendered":"","protected":false},"excerpt":{"rendered":"<p><span class=\"lowercase\">tesa\u00ae 04663<\/span>, Cinta extra fuerte para ductos, muilusos &#8211; Duct tape.<\/p>\n<h3 class=\"headline module-headline\">Caracter\u00edsticas<\/h3>\n<ul>\n<li class=\"p1\">Sellado de tuber\u00edas y ductos<\/li>\n<li class=\"p1\">Fijaci\u00f3n de pel\u00edculas de construcci\u00f3n y de protecci\u00f3n<\/li>\n<li class=\"p1\">Aplicaci\u00f3n de ladrillo y madera<\/li>\n<li class=\"p1\">\u00a0Sellado de tarros<\/li>\n<li class=\"p1\">Fijaci\u00f3n, cierre, empacado y mucho m\u00e1s!<\/li>\n<\/ul>\n<p>&nbsp;<\/p>\n<p><img loading=\"lazy\" class=\" wp-image-2619 alignleft\" src=\"http:\/\/matertech.com.co\/wp-content\/uploads\/2022\/01\/tesa_parner.png\" alt=\"\" width=\"141\" height=\"40\" srcset=\"https:\/\/matertech.com.co\/wp-content\/uploads\/2022\/01\/tesa_parner.png 306w, https:\/\/matertech.com.co\/wp-content\/uploads\/2022\/01\/tesa_parner-300x85.png 300w\" sizes=\"(max-width: 141px) 100vw, 141px\" \/><\/p>\n<p>&nbsp;<\/p>\n<p>&nbsp;<\/p>\n","protected":false},"featured_media":2786,"comment_status":"open","ping_status":"closed","template":"","meta":[],"product_cat":[41,87],"product_tag":[78,109,108,88],"_links":{"self":[{"href":"https:\/\/matertech.com.co\/index.php?rest_route=\/wp\/v2\/product\/2785"}],"collection":[{"href":"https:\/\/matertech.com.co\/index.php?rest_route=\/wp\/v2\/product"}],"about":[{"href":"https:\/\/matertech.com.co\/index.php?rest_route=\/wp\/v2\/types\/product"}],"replies":[{"embeddable":true,"href":"https:\/\/matertech.com.co\/index.php?rest_route=%2Fwp%2Fv2%2Fcomments&post=2785"}],"wp:featuredmedia":[{"embeddable":true,"href":"https:\/\/matertech.com.co\/index.php?rest_route=\/wp\/v2\/media\/2786"}],"wp:attachment":[{"href":"https:\/\/matertech.com.co\/index.php?rest_route=%2Fwp%2Fv2%2Fmedia&parent=2785"}],"wp:term":[{"taxonomy":"product_cat","embeddable":true,"href":"https:\/\/matertech.com.co\/index.php?rest_route=%2Fwp%2Fv2%2Fproduct_cat&post=2785"},{"taxonomy":"product_tag","embeddable":true,"href":"https:\/\/matertech.com.co\/index.php?rest_route=%2Fwp%2Fv2%2Fproduct_tag&post=2785"}],"curies":[{"name":"wp","href":"https:\/\/api.w.org\/{rel}","templated":true}]}}